 {"id":658,"date":"2022-03-29T16:55:04","date_gmt":"2022-03-29T15:55:04","guid":{"rendered":"https:\/\/basquefest.bilbao.eus\/zinema\/"},"modified":"2026-03-24T12:55:02","modified_gmt":"2026-03-24T11:55:02","slug":"cinema","status":"publish","type":"page","link":"https:\/\/basquefest.bilbao.eus\/fr\/cinema\/","title":{"rendered":"Cin\u00e9ma"},"content":{"rendered":"<section class=\"module-zinema\">\r\n   <div class=\"container\">\r\n\r\n      <div class=\"row\">\r\n\r\n         <div class=\"col-md-6 txt\">\r\n            <p class=\"resaltado\">MYTHOLOGIE BASQUE ENVO\u00dbTANTE<\/p>\r\n            <p>La Salle BBK accueillera la projection de Gaua, le troisi\u00e8me long m\u00e9trage du r\u00e9alisateur basque Paul Urkijo Alijo, une des grandes figures du cin\u00e9ma fantastique contemporain. Le film, tourn\u00e9 en basque et sorti en 2025, m\u00eale histoire, folklore et terreur dans une ambiance envo\u00fbtante inspir\u00e9e de la mythologie et des traditions du Pays basque.<\/p>\r\n         <\/div>\r\n         \r\n         <div class=\"col-md-6\">\r\n            <img loading=\"lazy\" alt=\"\" width=\"1080\" height=\"1440\" class=\"aligncenter size-full wp-image-3807 lazyload\" sizes=\"(max-width: 1080px) 100vw, 1080px\" data-srcset=\"https:\/\/basquefest.bilbao.eus\/assets\/media\/BF26-galeria-v-zinema-1.jpg 1080w, https:\/\/basquefest.bilbao.eus\/assets\/media\/BF26-galeria-v-zinema-1-150x200.jpg 150w, https:\/\/basquefest.bilbao.eus\/assets\/media\/BF26-galeria-v-zinema-1-300x400.jpg 300w, https:\/\/basquefest.bilbao.eus\/assets\/media\/BF26-galeria-v-zinema-1-400x533.jpg 400w, https:\/\/basquefest.bilbao.eus\/assets\/media\/BF26-galeria-v-zinema-1-480x640.jpg 480w, https:\/\/basquefest.bilbao.eus\/assets\/media\/BF26-galeria-v-zinema-1-550x733.jpg 550w, https:\/\/basquefest.bilbao.eus\/assets\/media\/BF26-galeria-v-zinema-1-768x1024.jpg 768w, https:\/\/basquefest.bilbao.eus\/assets\/media\/BF26-galeria-v-zinema-1-992x1323.jpg 992w\" data-src=\"https:\/\/basquefest.bilbao.eus\/assets\/media\/BF26-galeria-v-zinema-1.jpg\">\r\n            \r\n         <\/div> \r\n\r\n      <\/div>\r\n\r\n   <\/div>\r\n<\/section>\r\n\r\n<!-- Galer&iacute;a ZINEMA \r\n<section class=\"galeria\">\r\n   <div class=\"container\">[cb_galeria id=\"2184\"]<\/div>\r\n<\/section> -->","protected":false},"excerpt":{"rendered":"<p>MYTHOLOGIE BASQUE ENVO\u00dbTANTE La Salle BBK accueillera la projection de Gaua, le troisi\u00e8me long m\u00e9trage du r\u00e9alisateur basque Paul Urkijo Alijo, une des grandes figures du cin\u00e9ma fantastique contemporain. Le film, tourn\u00e9 en basque et sorti en 2025, m\u00eale histoire, folklore et terreur dans une ambiance envo\u00fbtante inspir\u00e9e de la mythologie et des traditions du [&hellip;]<\/p>\n","protected":false},"author":13,"featured_media":3672,"parent":0,"menu_order":3,"comment_status":"closed","ping_status":"closed","template":"","meta":[],"acf":[],"_links":{"self":[{"href":"https:\/\/basquefest.bilbao.eus\/fr\/wp-json\/wp\/v2\/pages\/658"}],"collection":[{"href":"https:\/\/basquefest.bilbao.eus\/fr\/wp-json\/wp\/v2\/pages"}],"about":[{"href":"https:\/\/basquefest.bilbao.eus\/fr\/wp-json\/wp\/v2\/types\/page"}],"author":[{"embeddable":true,"href":"https:\/\/basquefest.bilbao.eus\/fr\/wp-json\/wp\/v2\/users\/13"}],"replies":[{"embeddable":true,"href":"https:\/\/basquefest.bilbao.eus\/fr\/wp-json\/wp\/v2\/comments?post=658"}],"version-history":[{"count":19,"href":"https:\/\/basquefest.bilbao.eus\/fr\/wp-json\/wp\/v2\/pages\/658\/revisions"}],"predecessor-version":[{"id":4120,"href":"https:\/\/basquefest.bilbao.eus\/fr\/wp-json\/wp\/v2\/pages\/658\/revisions\/4120"}],"wp:featuredmedia":[{"embeddable":true,"href":"https:\/\/basquefest.bilbao.eus\/fr\/wp-json\/wp\/v2\/media\/3672"}],"wp:attachment":[{"href":"https:\/\/basquefest.bilbao.eus\/fr\/wp-json\/wp\/v2\/media?parent=658"}],"curies":[{"name":"wp","href":"https:\/\/api.w.org\/{rel}","templated":true}]}}