 {"id":640,"date":"2022-03-30T09:28:45","date_gmt":"2022-03-30T08:28:45","guid":{"rendered":"https:\/\/basquefest.bilbao.eus\/market\/"},"modified":"2026-03-25T12:33:49","modified_gmt":"2026-03-25T11:33:49","slug":"market","status":"publish","type":"page","link":"https:\/\/basquefest.bilbao.eus\/fr\/market\/","title":{"rendered":"Market"},"content":{"rendered":"<section class=\"module-market\">\r\n   <div class=\"container\">\r\n      <main class=\"row\">\r\n            <div class=\"col-md-6 txt\">\r\n               <p class=\"resaltado\">DES SAVEURS AUTHENTIQUES DU TERROIR BASQUE<\/p>\r\n            <\/div>\r\n            <div class=\"col-md-6 txt\">\r\n               <p>L\u2019exp\u00e9rience <strong>bilbao basque FEST<\/strong> s\u2019\u00e9tend aux commerces et march\u00e9s traditionnels de la ville, notamment l\u2019embl\u00e9matique March\u00e9 de la Ribera, une des r\u00e9f\u00e9rences historiques du commerce local. Le public pourra \u00e9galement fl\u00e2ner au <strong>Gure Lurreko Merkatua<\/strong>, une vitrine des meilleurs produits de notre terroir, et la <strong>Foire de l\u2019Artisanat \u00ab Eskutartie \u00bb<\/strong>, o\u00f9 sont expos\u00e9es des pi\u00e8ces artisanales de grande qualit\u00e9 fabriqu\u00e9es \u00e0 la main : c\u00e9ramique, cuir, bois et autres cr\u00e9ations uniques. Pour les amoureux de la nature, le <strong>march\u00e9 dominical<\/strong> offre une s\u00e9lection vibrante de fleurs fra\u00eeches, apportant de la couleur et de la fra\u00eecheur \u00e0 l\u2019ambiance urbaine.<\/p>\r\n            <\/div>\r\n            \r\n      <\/main>\r\n\r\n      <div>\r\n         <!-- Galer&iacute;a MARKET -->\r\n         <!-- style this gallery -->\r\n<style type=\"text\/css\">\r\n\t\t\t#galeria-id-2169 .cb-galeria__grid > .cb-galeria__item {\r\n\t\t\twidth : 33.33%;\r\n\t\t}\r\n\t\t<\/style>\n<section id=\"galeria-id-2169\" class=\"cb-galeria__block\">\r\n\t\t<main class=\"cb-galeria cb-gallery\">\r\n\t\t<div class=\"cb-galeria__list cb-galeria__grid force-1x1\">\r\n\t\t\t\t\t\t\t\t<article class=\"cb-galeria__item\">\r\n\t\t\t\t\t\t<div class=\"cb-galeria__item-card\">\r\n\t\t\t\t\t\t\t<a href=\"https:\/\/basquefest.bilbao.eus\/assets\/media\/BF26-galeria-v-market-1-992x1323.jpg\" class=\"cb-gallery__item  cb-galeria__item-link\" title=\"\">\r\n\t\t\t\t\t\t\t\t<picture id=\"thumbnail-3814\" class=\"lazyload cb-img-thumbnail ratio-vertical\"><source media=\"(max-width: 150px)\" data-srcset=\"https:\/\/basquefest.bilbao.eus\/assets\/media\/BF26-galeria-v-market-1-150x200.jpg\"><source media=\"(max-width: 300px)\" data-srcset=\"https:\/\/basquefest.bilbao.eus\/assets\/media\/BF26-galeria-v-market-1-300x400.jpg\"><source media=\"(max-width: 400px)\" data-srcset=\"https:\/\/basquefest.bilbao.eus\/assets\/media\/BF26-galeria-v-market-1-400x533.jpg\"><source media=\"(max-width: 480px)\" data-srcset=\"https:\/\/basquefest.bilbao.eus\/assets\/media\/BF26-galeria-v-market-1-480x640.jpg\"><source media=\"(max-width: 550px)\" data-srcset=\"https:\/\/basquefest.bilbao.eus\/assets\/media\/BF26-galeria-v-market-1-550x733.jpg\"><source media=\"(max-width: 768px)\" data-srcset=\"https:\/\/basquefest.bilbao.eus\/assets\/media\/BF26-galeria-v-market-1-768x1024.jpg\"><source media=\"(max-width: 992px)\" data-srcset=\"https:\/\/basquefest.bilbao.eus\/assets\/media\/BF26-galeria-v-market-1-992x1323.jpg\"><img class=\"lazyload \" data-src=\"https:\/\/basquefest.bilbao.eus\/assets\/media\/BF26-galeria-v-market-1.jpg\" alt=\"BF26\u2013galeria-v\u2013market-1\"><\/source><\/source><\/source><\/source><\/source><\/source><\/source><\/picture>\t\t\t\t\t\t\t\t\t<figure class=\"cb-galeria__item-hover\">\r\n\t\t\t\t\t\t\t\t\t\t<picture id=\"thumbnail-3814\" class=\"lazyload cb-img-thumbnail ratio-vertical\"><source media=\"(max-width: 150px)\" data-srcset=\"https:\/\/basquefest.bilbao.eus\/assets\/media\/BF26-galeria-v-market-1-150x200.jpg\"><source media=\"(max-width: 300px)\" data-srcset=\"https:\/\/basquefest.bilbao.eus\/assets\/media\/BF26-galeria-v-market-1-300x400.jpg\"><source media=\"(max-width: 400px)\" data-srcset=\"https:\/\/basquefest.bilbao.eus\/assets\/media\/BF26-galeria-v-market-1-400x533.jpg\"><source media=\"(max-width: 480px)\" data-srcset=\"https:\/\/basquefest.bilbao.eus\/assets\/media\/BF26-galeria-v-market-1-480x640.jpg\"><source media=\"(max-width: 550px)\" data-srcset=\"https:\/\/basquefest.bilbao.eus\/assets\/media\/BF26-galeria-v-market-1-550x733.jpg\"><source media=\"(max-width: 768px)\" data-srcset=\"https:\/\/basquefest.bilbao.eus\/assets\/media\/BF26-galeria-v-market-1-768x1024.jpg\"><source media=\"(max-width: 992px)\" data-srcset=\"https:\/\/basquefest.bilbao.eus\/assets\/media\/BF26-galeria-v-market-1-992x1323.jpg\"><img class=\"lazyload \" data-src=\"https:\/\/basquefest.bilbao.eus\/assets\/media\/BF26-galeria-v-market-1.jpg\" alt=\"BF26\u2013galeria-v\u2013market-1\"><\/source><\/source><\/source><\/source><\/source><\/source><\/source><\/picture>\t\t\t\t\t\t\t\t\t<\/figure>\r\n\t\t\t\t\t\t\t\t\t\t\t\t\t\t\t<\/a>\r\n\t\t\t\t\t\t<\/div>\r\n\t\t\t\t\t<\/article>\r\n\t\t\t\t\t\t\t\t<article class=\"cb-galeria__item\">\r\n\t\t\t\t\t\t<div class=\"cb-galeria__item-card\">\r\n\t\t\t\t\t\t\t<a href=\"https:\/\/basquefest.bilbao.eus\/assets\/media\/BF26-galeria-v-market-2-992x1323.jpg\" class=\"cb-gallery__item  cb-galeria__item-link\" title=\"\">\r\n\t\t\t\t\t\t\t\t<picture id=\"thumbnail-3818\" class=\"lazyload cb-img-thumbnail ratio-vertical\"><source media=\"(max-width: 150px)\" data-srcset=\"https:\/\/basquefest.bilbao.eus\/assets\/media\/BF26-galeria-v-market-2-150x200.jpg\"><source media=\"(max-width: 300px)\" data-srcset=\"https:\/\/basquefest.bilbao.eus\/assets\/media\/BF26-galeria-v-market-2-300x400.jpg\"><source media=\"(max-width: 400px)\" data-srcset=\"https:\/\/basquefest.bilbao.eus\/assets\/media\/BF26-galeria-v-market-2-400x533.jpg\"><source media=\"(max-width: 480px)\" data-srcset=\"https:\/\/basquefest.bilbao.eus\/assets\/media\/BF26-galeria-v-market-2-480x640.jpg\"><source media=\"(max-width: 550px)\" data-srcset=\"https:\/\/basquefest.bilbao.eus\/assets\/media\/BF26-galeria-v-market-2-550x733.jpg\"><source media=\"(max-width: 768px)\" data-srcset=\"https:\/\/basquefest.bilbao.eus\/assets\/media\/BF26-galeria-v-market-2-768x1024.jpg\"><source media=\"(max-width: 992px)\" data-srcset=\"https:\/\/basquefest.bilbao.eus\/assets\/media\/BF26-galeria-v-market-2-992x1323.jpg\"><img class=\"lazyload \" data-src=\"https:\/\/basquefest.bilbao.eus\/assets\/media\/BF26-galeria-v-market-2.jpg\" alt=\"BF26\u2013galeria-v\u2013market-2\"><\/source><\/source><\/source><\/source><\/source><\/source><\/source><\/picture>\t\t\t\t\t\t\t\t\t<figure class=\"cb-galeria__item-hover\">\r\n\t\t\t\t\t\t\t\t\t\t<picture id=\"thumbnail-3818\" class=\"lazyload cb-img-thumbnail ratio-vertical\"><source media=\"(max-width: 150px)\" data-srcset=\"https:\/\/basquefest.bilbao.eus\/assets\/media\/BF26-galeria-v-market-2-150x200.jpg\"><source media=\"(max-width: 300px)\" data-srcset=\"https:\/\/basquefest.bilbao.eus\/assets\/media\/BF26-galeria-v-market-2-300x400.jpg\"><source media=\"(max-width: 400px)\" data-srcset=\"https:\/\/basquefest.bilbao.eus\/assets\/media\/BF26-galeria-v-market-2-400x533.jpg\"><source media=\"(max-width: 480px)\" data-srcset=\"https:\/\/basquefest.bilbao.eus\/assets\/media\/BF26-galeria-v-market-2-480x640.jpg\"><source media=\"(max-width: 550px)\" data-srcset=\"https:\/\/basquefest.bilbao.eus\/assets\/media\/BF26-galeria-v-market-2-550x733.jpg\"><source media=\"(max-width: 768px)\" data-srcset=\"https:\/\/basquefest.bilbao.eus\/assets\/media\/BF26-galeria-v-market-2-768x1024.jpg\"><source media=\"(max-width: 992px)\" data-srcset=\"https:\/\/basquefest.bilbao.eus\/assets\/media\/BF26-galeria-v-market-2-992x1323.jpg\"><img class=\"lazyload \" data-src=\"https:\/\/basquefest.bilbao.eus\/assets\/media\/BF26-galeria-v-market-2.jpg\" alt=\"BF26\u2013galeria-v\u2013market-2\"><\/source><\/source><\/source><\/source><\/source><\/source><\/source><\/picture>\t\t\t\t\t\t\t\t\t<\/figure>\r\n\t\t\t\t\t\t\t\t\t\t\t\t\t\t\t<\/a>\r\n\t\t\t\t\t\t<\/div>\r\n\t\t\t\t\t<\/article>\r\n\t\t\t\t\t\t\t\t<article class=\"cb-galeria__item\">\r\n\t\t\t\t\t\t<div class=\"cb-galeria__item-card\">\r\n\t\t\t\t\t\t\t<a href=\"https:\/\/basquefest.bilbao.eus\/assets\/media\/BF26-galeria-v-market-3-992x1323.jpg\" class=\"cb-gallery__item  cb-galeria__item-link\" title=\"\">\r\n\t\t\t\t\t\t\t\t<picture id=\"thumbnail-3822\" class=\"lazyload cb-img-thumbnail ratio-vertical\"><source media=\"(max-width: 150px)\" data-srcset=\"https:\/\/basquefest.bilbao.eus\/assets\/media\/BF26-galeria-v-market-3-150x200.jpg\"><source media=\"(max-width: 300px)\" data-srcset=\"https:\/\/basquefest.bilbao.eus\/assets\/media\/BF26-galeria-v-market-3-300x400.jpg\"><source media=\"(max-width: 400px)\" data-srcset=\"https:\/\/basquefest.bilbao.eus\/assets\/media\/BF26-galeria-v-market-3-400x533.jpg\"><source media=\"(max-width: 480px)\" data-srcset=\"https:\/\/basquefest.bilbao.eus\/assets\/media\/BF26-galeria-v-market-3-480x640.jpg\"><source media=\"(max-width: 550px)\" data-srcset=\"https:\/\/basquefest.bilbao.eus\/assets\/media\/BF26-galeria-v-market-3-550x733.jpg\"><source media=\"(max-width: 768px)\" data-srcset=\"https:\/\/basquefest.bilbao.eus\/assets\/media\/BF26-galeria-v-market-3-768x1024.jpg\"><source media=\"(max-width: 992px)\" data-srcset=\"https:\/\/basquefest.bilbao.eus\/assets\/media\/BF26-galeria-v-market-3-992x1323.jpg\"><img class=\"lazyload \" data-src=\"https:\/\/basquefest.bilbao.eus\/assets\/media\/BF26-galeria-v-market-3.jpg\" alt=\"BF26\u2013galeria-v\u2013market-3\"><\/source><\/source><\/source><\/source><\/source><\/source><\/source><\/picture>\t\t\t\t\t\t\t\t\t<figure class=\"cb-galeria__item-hover\">\r\n\t\t\t\t\t\t\t\t\t\t<picture id=\"thumbnail-3822\" class=\"lazyload cb-img-thumbnail ratio-vertical\"><source media=\"(max-width: 150px)\" data-srcset=\"https:\/\/basquefest.bilbao.eus\/assets\/media\/BF26-galeria-v-market-3-150x200.jpg\"><source media=\"(max-width: 300px)\" data-srcset=\"https:\/\/basquefest.bilbao.eus\/assets\/media\/BF26-galeria-v-market-3-300x400.jpg\"><source media=\"(max-width: 400px)\" data-srcset=\"https:\/\/basquefest.bilbao.eus\/assets\/media\/BF26-galeria-v-market-3-400x533.jpg\"><source media=\"(max-width: 480px)\" data-srcset=\"https:\/\/basquefest.bilbao.eus\/assets\/media\/BF26-galeria-v-market-3-480x640.jpg\"><source media=\"(max-width: 550px)\" data-srcset=\"https:\/\/basquefest.bilbao.eus\/assets\/media\/BF26-galeria-v-market-3-550x733.jpg\"><source media=\"(max-width: 768px)\" data-srcset=\"https:\/\/basquefest.bilbao.eus\/assets\/media\/BF26-galeria-v-market-3-768x1024.jpg\"><source media=\"(max-width: 992px)\" data-srcset=\"https:\/\/basquefest.bilbao.eus\/assets\/media\/BF26-galeria-v-market-3-992x1323.jpg\"><img class=\"lazyload \" data-src=\"https:\/\/basquefest.bilbao.eus\/assets\/media\/BF26-galeria-v-market-3.jpg\" alt=\"BF26\u2013galeria-v\u2013market-3\"><\/source><\/source><\/source><\/source><\/source><\/source><\/source><\/picture>\t\t\t\t\t\t\t\t\t<\/figure>\r\n\t\t\t\t\t\t\t\t\t\t\t\t\t\t\t<\/a>\r\n\t\t\t\t\t\t<\/div>\r\n\t\t\t\t\t<\/article>\r\n\t\t\t\t\t<\/div>\t\r\n\t<\/main><!-- \/cb-galeria -->\t\r\n\t<\/section><!-- \/cb-galeria__block -->\r\n      <\/div>\r\n   <\/div>\r\n<\/section> \r\n\r\n<!-- Programacion \r\n[_e_page_content id=\"2403\"] -->\r\n\r\n","protected":false},"excerpt":{"rendered":"<p>DES SAVEURS AUTHENTIQUES DU TERROIR BASQUE L\u2019exp\u00e9rience bilbao basque FEST s\u2019\u00e9tend aux commerces et march\u00e9s traditionnels de la ville, notamment l\u2019embl\u00e9matique March\u00e9 de la Ribera, une des r\u00e9f\u00e9rences historiques du commerce local. Le public pourra \u00e9galement fl\u00e2ner au Gure Lurreko Merkatua, une vitrine des meilleurs produits de notre terroir, et la Foire de l\u2019Artisanat \u00ab [&hellip;]<\/p>\n","protected":false},"author":13,"featured_media":3672,"parent":0,"menu_order":0,"comment_status":"closed","ping_status":"closed","template":"","meta":[],"acf":[],"_links":{"self":[{"href":"https:\/\/basquefest.bilbao.eus\/fr\/wp-json\/wp\/v2\/pages\/640"}],"collection":[{"href":"https:\/\/basquefest.bilbao.eus\/fr\/wp-json\/wp\/v2\/pages"}],"about":[{"href":"https:\/\/basquefest.bilbao.eus\/fr\/wp-json\/wp\/v2\/types\/page"}],"author":[{"embeddable":true,"href":"https:\/\/basquefest.bilbao.eus\/fr\/wp-json\/wp\/v2\/users\/13"}],"replies":[{"embeddable":true,"href":"https:\/\/basquefest.bilbao.eus\/fr\/wp-json\/wp\/v2\/comments?post=640"}],"version-history":[{"count":32,"href":"https:\/\/basquefest.bilbao.eus\/fr\/wp-json\/wp\/v2\/pages\/640\/revisions"}],"predecessor-version":[{"id":4179,"href":"https:\/\/basquefest.bilbao.eus\/fr\/wp-json\/wp\/v2\/pages\/640\/revisions\/4179"}],"wp:featuredmedia":[{"embeddable":true,"href":"https:\/\/basquefest.bilbao.eus\/fr\/wp-json\/wp\/v2\/media\/3672"}],"wp:attachment":[{"href":"https:\/\/basquefest.bilbao.eus\/fr\/wp-json\/wp\/v2\/media?parent=640"}],"curies":[{"name":"wp","href":"https:\/\/api.w.org\/{rel}","templated":true}]}}