 {"id":634,"date":"2022-03-29T12:11:10","date_gmt":"2022-03-29T11:11:10","guid":{"rendered":"https:\/\/basquefest.bilbao.eus\/kultura\/"},"modified":"2026-03-24T12:30:00","modified_gmt":"2026-03-24T11:30:00","slug":"culture","status":"publish","type":"page","link":"https:\/\/basquefest.bilbao.eus\/fr\/culture\/","title":{"rendered":"Culture"},"content":{"rendered":"<section class=\"module-kultura\">\r\n\t<div class=\"container\">\r\n\r\n\t\t<div class=\"row\">\r\n\t\t\t<div class=\"col-md-6 txt\">\r\n\t\t\t\t<p class=\"resaltado\">LA VILLE COMME ESPACE  D\u2019EXP\u00c9RIENCE CULTURELLE PARTAG\u00c9E<\/p>\r\n\t\t\t\t<img loading=\"lazy\" alt=\"\" width=\"1920\" height=\"1080\" class=\"aligncenter size-full wp-image-3881 lazyload\" sizes=\"(max-width: 1920px) 100vw, 1920px\" data-srcset=\"https:\/\/basquefest.bilbao.eus\/assets\/media\/BF26-galeria-h-kultura-1.jpg 1920w, https:\/\/basquefest.bilbao.eus\/assets\/media\/BF26-galeria-h-kultura-1-150x84.jpg 150w, https:\/\/basquefest.bilbao.eus\/assets\/media\/BF26-galeria-h-kultura-1-300x169.jpg 300w, https:\/\/basquefest.bilbao.eus\/assets\/media\/BF26-galeria-h-kultura-1-400x225.jpg 400w, https:\/\/basquefest.bilbao.eus\/assets\/media\/BF26-galeria-h-kultura-1-480x270.jpg 480w, https:\/\/basquefest.bilbao.eus\/assets\/media\/BF26-galeria-h-kultura-1-550x309.jpg 550w, https:\/\/basquefest.bilbao.eus\/assets\/media\/BF26-galeria-h-kultura-1-768x432.jpg 768w, https:\/\/basquefest.bilbao.eus\/assets\/media\/BF26-galeria-h-kultura-1-992x558.jpg 992w, https:\/\/basquefest.bilbao.eus\/assets\/media\/BF26-galeria-h-kultura-1-1200x675.jpg 1200w\" data-src=\"https:\/\/basquefest.bilbao.eus\/assets\/media\/BF26-galeria-h-kultura-1.jpg\">\r\n\t\t\t<\/div>\r\n\r\n\t\t\t<div class=\"col-md-6 txt\"> \r\n\t\t\t\t<p>Le volet culturel d\u00e9ploie une programmation qui permet de d\u00e9couvrir la culture basque sous plusieurs angles, qui active des espaces embl\u00e9matiques de la ville et favorise la participation directe du public.<\/p>\r\n\t\t\t\t<p>Les circuits th\u00e9\u00e2tralis\u00e9s dans la vieille ville en compagnie des \u00ab Amphitryons de Bilbao \u00bb offrent une occasion in\u00e9dite de red\u00e9couvrir l\u2019origine historique de Bilbao par un r\u00e9cit contemporain, en ouvrant le patrimoine \u00e0 des publics vari\u00e9s. Les f\u00eates patronales sur la Plaza Nueva, avec des spectacles tels que ceux d\u2019Aiko Taldea et de Dantza Piko, r\u00e9alis\u00e9s par Patxi eta Konpania, r\u00e9cup\u00e8rent l\u2019espace public comme lieu de rencontre interg\u00e9n\u00e9rationnel, mettant en valeur la dimension participative de la culture basque.<\/p> \r\n\t\t\t\t<p>Le festival pr\u00e9voit \u00e9galement des installations sc\u00e9niques contemporaines comme le spectacle Urbasa, qui allie musique, percussion et expression corporelle dans un format innovant.<\/p>\r\n\t\t\t\t<p>Cette ann\u00e9e encore, l\u2019un des personnages basques les plus populaires sera fid\u00e8le au rendez-vous : Gargantua. Il accueillera les enfants la bouche grande ouverte et les couverts en main sur la Place de la Culture Basque (quai de l\u2019Arenal).<\/p>\r\n\t\t\t\t<p>Cette programmation est compl\u00e9t\u00e9e par l\u2019offre \u00e9toff\u00e9e des mus\u00e9es, centres culturels et salles de la ville, avec des collections d\u2019art basque et d\u2019int\u00e9ressantes expositions temporaires \u00e0 visiter ces jours-l\u00e0, notamment au mus\u00e9e Guggenheim Bilbao, au mus\u00e9e des Beaux-Arts, \u00e0 l\u2019Itsasmuseum, \u00e0 l\u2019Azkuna Zentroa, au mus\u00e9e de l\u2019Athletic, au mus\u00e9e d\u2019Art Sacr\u00e9, \u00e0 l\u2019Arkeologi Museoa et \u00e0 la Salle Rekalde.<\/p>\r\n\t\t\t\r\n\t\t\t<\/div>\r\n\t\t\t \r\n\t\t<\/div>\r\n\r\n\t\t\r\n\r\n\t<\/div>\r\n<\/section>\r\n\r\n","protected":false},"excerpt":{"rendered":"<p>LA VILLE COMME ESPACE D\u2019EXP\u00c9RIENCE CULTURELLE PARTAG\u00c9E Le volet culturel d\u00e9ploie une programmation qui permet de d\u00e9couvrir la culture basque sous plusieurs angles, qui active des espaces embl\u00e9matiques de la ville et favorise la participation directe du public. Les circuits th\u00e9\u00e2tralis\u00e9s dans la vieille ville en compagnie des \u00ab Amphitryons de Bilbao \u00bb offrent une [&hellip;]<\/p>\n","protected":false},"author":13,"featured_media":3672,"parent":0,"menu_order":0,"comment_status":"closed","ping_status":"closed","template":"","meta":[],"acf":[],"_links":{"self":[{"href":"https:\/\/basquefest.bilbao.eus\/fr\/wp-json\/wp\/v2\/pages\/634"}],"collection":[{"href":"https:\/\/basquefest.bilbao.eus\/fr\/wp-json\/wp\/v2\/pages"}],"about":[{"href":"https:\/\/basquefest.bilbao.eus\/fr\/wp-json\/wp\/v2\/types\/page"}],"author":[{"embeddable":true,"href":"https:\/\/basquefest.bilbao.eus\/fr\/wp-json\/wp\/v2\/users\/13"}],"replies":[{"embeddable":true,"href":"https:\/\/basquefest.bilbao.eus\/fr\/wp-json\/wp\/v2\/comments?post=634"}],"version-history":[{"count":25,"href":"https:\/\/basquefest.bilbao.eus\/fr\/wp-json\/wp\/v2\/pages\/634\/revisions"}],"predecessor-version":[{"id":4116,"href":"https:\/\/basquefest.bilbao.eus\/fr\/wp-json\/wp\/v2\/pages\/634\/revisions\/4116"}],"wp:featuredmedia":[{"embeddable":true,"href":"https:\/\/basquefest.bilbao.eus\/fr\/wp-json\/wp\/v2\/media\/3672"}],"wp:attachment":[{"href":"https:\/\/basquefest.bilbao.eus\/fr\/wp-json\/wp\/v2\/media?parent=634"}],"curies":[{"name":"wp","href":"https:\/\/api.w.org\/{rel}","templated":true}]}}