 {"id":605,"date":"2022-03-31T09:20:44","date_gmt":"2022-03-31T08:20:44","guid":{"rendered":"https:\/\/basquefest.bilbao.eus\/bilbao-basque-fest-2022\/"},"modified":"2026-03-24T12:21:04","modified_gmt":"2026-03-24T11:21:04","slug":"bilbao-basque-fest-2026","status":"publish","type":"page","link":"https:\/\/basquefest.bilbao.eus\/fr\/bilbao-basque-fest-2026\/","title":{"rendered":"Bilbao basque fest 2026"},"content":{"rendered":"<section class=\"module-bf26\">\r\n\t<main class=\"container\">\r\n\t\t<article class=\"row\">\r\n\r\n\t\t\t<div class=\"col-md-7 txt resaltado\">\r\n\t\t\t\t<h2>REVIENT AVEC SON \u00c2ME LA PLUS AUTHENTIQUE POUR C\u00c9L\u00c9BRER LA CULTURE BASQUE DU 1<sup>er<\/sup>AU 4 AVRIL<\/h2>\r\n\t\t\t\t<div class=\"enlaces\">\r\n\t\t\t\t\t<a href=\"https:\/\/basquefest.bilbao.eus\/fr\/programme-jour-par-jour\/\" class=\"btn btn-brand\">Programme jour par jour<\/a>\r\n\t\t\t\t\t<a href=\"https:\/\/basquefest.bilbao.eus\/fr\/etablissements\/\" class=\"btn btn-brand\">\u00c9tablissements<\/a>\r\n\t\t\t\t<\/div>\r\n\t\t\t<\/div>\r\n\r\n\t\t\t<div class=\"col-md-5 parrafo\"> \r\n\t\t\t\t<p><strong>Bilbao basque FEST<\/strong>, cr\u00e9\u00e9 \u00e0 l\u2019initiative de la municipalit\u00e9 de Bilbao, consolide son r\u00f4le comme l\u2019un des grands festivals urbains \u00e0 P\u00e2ques, en renfor\u00e7ant le rayonnement de l\u2019identit\u00e9 culturelle de la ville et en offrant une exp\u00e9rience unique tant pour ceux qui la visitent que pour ceux qui l\u2019habitent.<\/p>\r\n\r\n\t\t\t\t<p>Organis\u00e9 \u00e0 l\u2019une des p\u00e9riodes de grande affluence de visiteurs de l\u2019ann\u00e9e, du 1er au 4 avril, le festival propose une programmation enti\u00e8rement gratuite qui se d\u00e9roule dans des espaces embl\u00e9matiques de la ville.<\/p>\r\n\t\t\t\t\r\n\t\t\t\t<p>Il s\u2019agit d\u2019une occasion unique de d\u00e9couvrir la ville \u00e0 travers des activit\u00e9s et des exp\u00e9riences qui contribuent en outre \u00e0 dynamiser les espaces publics et l\u2019activit\u00e9 \u00e9conomique de Bilbao pendant ces jours f\u00e9ri\u00e9s.<\/p>\r\n\t\t\t\t<img loading=\"lazy\" alt=\"\" width=\"1080\" height=\"1440\" class=\"aligncenter size-full wp-image-3852 lazyload\" sizes=\"(max-width: 1080px) 100vw, 1080px\" data-srcset=\"https:\/\/basquefest.bilbao.eus\/assets\/media\/BF26-galeria-v-bbf26-1.png 1080w, https:\/\/basquefest.bilbao.eus\/assets\/media\/BF26-galeria-v-bbf26-1-150x200.png 150w, https:\/\/basquefest.bilbao.eus\/assets\/media\/BF26-galeria-v-bbf26-1-300x400.png 300w, https:\/\/basquefest.bilbao.eus\/assets\/media\/BF26-galeria-v-bbf26-1-400x533.png 400w, https:\/\/basquefest.bilbao.eus\/assets\/media\/BF26-galeria-v-bbf26-1-480x640.png 480w, https:\/\/basquefest.bilbao.eus\/assets\/media\/BF26-galeria-v-bbf26-1-550x733.png 550w, https:\/\/basquefest.bilbao.eus\/assets\/media\/BF26-galeria-v-bbf26-1-768x1024.png 768w, https:\/\/basquefest.bilbao.eus\/assets\/media\/BF26-galeria-v-bbf26-1-992x1323.png 992w\" data-src=\"https:\/\/basquefest.bilbao.eus\/assets\/media\/BF26-galeria-v-bbf26-1.png\">\r\n\t\t\t<\/div>\r\n\r\n\t\t<\/article>\r\n\t<\/main>\r\n<\/section>","protected":false},"excerpt":{"rendered":"<p>REVIENT AVEC SON \u00c2ME LA PLUS AUTHENTIQUE POUR C\u00c9L\u00c9BRER LA CULTURE BASQUE DU 1erAU 4 AVRIL Programme jour par jour \u00c9tablissements Bilbao basque FEST, cr\u00e9\u00e9 \u00e0 l\u2019initiative de la municipalit\u00e9 de Bilbao, consolide son r\u00f4le comme l\u2019un des grands festivals urbains \u00e0 P\u00e2ques, en renfor\u00e7ant le rayonnement de l\u2019identit\u00e9 culturelle de la ville et en [&hellip;]<\/p>\n","protected":false},"author":13,"featured_media":3672,"parent":0,"menu_order":0,"comment_status":"closed","ping_status":"closed","template":"","meta":[],"acf":[],"_links":{"self":[{"href":"https:\/\/basquefest.bilbao.eus\/fr\/wp-json\/wp\/v2\/pages\/605"}],"collection":[{"href":"https:\/\/basquefest.bilbao.eus\/fr\/wp-json\/wp\/v2\/pages"}],"about":[{"href":"https:\/\/basquefest.bilbao.eus\/fr\/wp-json\/wp\/v2\/types\/page"}],"author":[{"embeddable":true,"href":"https:\/\/basquefest.bilbao.eus\/fr\/wp-json\/wp\/v2\/users\/13"}],"replies":[{"embeddable":true,"href":"https:\/\/basquefest.bilbao.eus\/fr\/wp-json\/wp\/v2\/comments?post=605"}],"version-history":[{"count":15,"href":"https:\/\/basquefest.bilbao.eus\/fr\/wp-json\/wp\/v2\/pages\/605\/revisions"}],"predecessor-version":[{"id":4109,"href":"https:\/\/basquefest.bilbao.eus\/fr\/wp-json\/wp\/v2\/pages\/605\/revisions\/4109"}],"wp:featuredmedia":[{"embeddable":true,"href":"https:\/\/basquefest.bilbao.eus\/fr\/wp-json\/wp\/v2\/media\/3672"}],"wp:attachment":[{"href":"https:\/\/basquefest.bilbao.eus\/fr\/wp-json\/wp\/v2\/media?parent=605"}],"curies":[{"name":"wp","href":"https:\/\/api.w.org\/{rel}","templated":true}]}}